{"id":3633,"date":"2022-07-25T18:08:07","date_gmt":"2022-07-25T18:08:07","guid":{"rendered":"https:\/\/lidex.com.pl\/?page_id=3633"},"modified":"2024-06-21T09:23:21","modified_gmt":"2024-06-21T09:23:21","slug":"informacziya-pro-fajly-cookie","status":"publish","type":"page","link":"https:\/\/lidex-staging.utb.pl\/uk\/informacziya-pro-fajly-cookie\/","title":{"rendered":"\u0406\u043d\u0444\u043e\u0440\u043c\u0430\u0446\u0456\u044f \u043f\u0440\u043e \u0444\u0430\u0439\u043b\u0438 cookie"},"content":{"rendered":"\n<div class=\"wp-block-group rc_big_image\"><div class=\"wp-block-group__inner-container is-layout-constrained wp-block-group-is-layout-constrained\">\n<figure class=\"wp-block-image size-full\"><img loading=\"lazy\" decoding=\"async\" width=\"1512\" height=\"455\" src=\"https:\/\/lidex-staging.utb.pl\/wp-content\/uploads\/2023\/04\/glowna-naglowek.webp\" alt=\"Pliki cookies\" class=\"wp-image-5555\" srcset=\"https:\/\/lidex-staging.utb.pl\/wp-content\/uploads\/2023\/04\/glowna-naglowek.webp 1512w, https:\/\/lidex-staging.utb.pl\/wp-content\/uploads\/2023\/04\/glowna-naglowek-360x108.webp 360w, https:\/\/lidex-staging.utb.pl\/wp-content\/uploads\/2023\/04\/glowna-naglowek-560x169.webp 560w, https:\/\/lidex-staging.utb.pl\/wp-content\/uploads\/2023\/04\/glowna-naglowek-768x231.webp 768w\" sizes=\"auto, (max-width: 1512px) 100vw, 1512px\" \/><\/figure>\n\n\n\n<div class=\"wp-block-group\"><div class=\"wp-block-group__inner-container is-layout-constrained wp-block-group-is-layout-constrained\">\n<p>Lidex &#8211; lider<\/p>\n\n\n\n<p>rynku t\u0142umacze\u0144 w Polsce jest tylko jeden<\/p>\n<\/div><\/div>\n<\/div><\/div>\n\n\n\n<div class=\"wp-block-group rc_section\"><div class=\"wp-block-group__inner-container is-layout-constrained wp-block-group-is-layout-constrained\">\n<h1 class=\"wp-block-heading\">Informacje o plikach &#8220;Cookies&#8221;<\/h1>\n\n\n\n<h3 class=\"wp-block-heading\">Pliki &#8220;cookies&#8221;<\/h3>\n\n\n\n<p>Strona internetowa Lidex Sp. z o.o. korzysta z informacji zapisywanych za pomoc\u0105\u0328 plik\u00f3w <strong>\u201ecookies\u201d<\/strong>, czyli danych informatycznych, przechowywanych w urz\u0105dzeniach ko\u0144cowych u\u017cytkownik\u00f3w przeznaczonych do korzystania ze stron internetowych. Pliki te pozwalaj\u0105\u0328 rozpozna\u0107 urz\u0105dzenie u\u017cytkownika i odpowiednio wy\u015bwietla\u0107 stron\u0119 internetow\u0105, dostosowana\u0328 do indywidualnych preferencji. Zazwyczaj zawieraj\u0105 one nazw\u0119 strony internetowej, z kt\u00f3rej pochodz\u0105\u0328, czas przechowywania ich na urz\u0105dzeniu ko\u0144cowym oraz unikalny numer.<\/p>\n\n\n\n<h3 class=\"wp-block-heading mt-30\">Informacje szczeg\u00f3\u0142owe:<\/h3>\n\n\n\n<ol class=\"wp-block-list\">\n<li>Brak zmiany po Pa\u0144stwa stronie jako Us\u0142ugobiorcy, ustawie przegl\u0105darki jest r\u00f3wnoznaczny z wyra\u017ceniem zgody na ich u\u017cycie.<\/li>\n\n\n\n<li>Pliki \u201ecookies\u201d u\u017cywane s\u0105 w celu dostosowania zawarto\u015bci strony internetowej do preferencji u\u017cytkownik\u00f3w, optymalizacji z niej korzystania oraz tworzenia zagregowanych statystyk.<\/li>\n\n\n\n<li>Instalacja plik\u00f3w \u201ecookies\u201d jest konieczna do prawid\u0142owego \u015bwiadczenia us\u0142ug na stronie internetowej.<\/li>\n\n\n\n<li>W ramach strony internetowej stosowane s\u0105\u0328 cookies:\n<ul class=\"wp-block-list\">\n<li>\u201esta\u0142e\u201d \u2013 pozostaj\u0105 na Pa\u0144stwa urz\u0105dzeniu przez czas okre\u015blony w parametrach plik\u00f3w \u201ecookies\u201d albo do momentu ich r\u0119cznego usuni\u0119cia;<\/li>\n\n\n\n<li>\u201esesyjne\u201d s\u0105 plikami tymczasowymi, kt\u00f3re przechowywane s\u0105\u0328 w Pa\u0144stwa urz\u0105dzeniu ko\u0144cowym do czasu wylogowania (opuszczenia strony internetowej).<\/li>\n<\/ul>\n<\/li>\n\n\n\n<li>Maja\u0328 Pa\u0144stwo prawo zadecydowania w zakresie dost\u0119pu plik\u00f3w \u201ecookies\u201d do swojego komputera poprzez ich uprzedni wyb\u00f3r w oknie swojej przegl\u0105darki. Szczeg\u00f3\u0142owe informacje o mo\u017cliwo\u015bci i sposobach obs\u0142ugi plik\u00f3w \u201ecookies\u201d dost\u0119pne s\u0105\u0328 w ustawieniach oprogramowania (przegl\u0105darki internetowej).<\/li>\n<\/ol>\n<\/div><\/div>\n","protected":false},"excerpt":{"rendered":"<p>Lidex &#8211; lider<br \/>\nrynku t\u0142umacze\u0144 w Polsce jest tylko jeden<br \/>\nInformacje o plikach &#8220;Cookies&#8221;<br \/>\nPliki &#8220;cookies&#8221;<br \/>\nStrona internetowa Lidex Sp.  z o. o.<\/p>\n","protected":false},"author":4,"featured_media":0,"parent":0,"menu_order":0,"comment_status":"closed","ping_status":"closed","template":"","meta":{"inline_featured_image":false,"footnotes":""},"class_list":["post-3633","page","type-page","status-publish","hentry"],"yoast_head":"<!-- This site is optimized with the Yoast SEO plugin v27.3 - https:\/\/yoast.com\/product\/yoast-seo-wordpress\/ -->\n<title>\u0406\u043d\u0444\u043e\u0440\u043c\u0430\u0446\u0456\u044f \u043f\u0440\u043e \u0444\u0430\u0439\u043b\u0438 cookie - Lidex<\/title>\n<meta name=\"description\" content=\"Lidex \u27a4 \u0406\u043d\u0444\u043e\u0440\u043c\u0430\u0446\u0456\u044f \u043f\u0440\u043e \u0444\u0430\u0439\u043b\u0438 cookie \u2714\ufe0f T\u0142umaczenia \u2714\ufe0f Konferencje \u2714\ufe0f Us\u0142ugi online \u2b50 Sprawd\u017a!\" \/>\n<meta name=\"robots\" content=\"noindex, follow, max-snippet:-1, max-image-preview:large, max-video-preview:-1\" \/>\n<meta property=\"og:locale\" content=\"uk_UA\" \/>\n<meta property=\"og:type\" content=\"article\" \/>\n<meta property=\"og:title\" content=\"\u0406\u043d\u0444\u043e\u0440\u043c\u0430\u0446\u0456\u044f \u043f\u0440\u043e \u0444\u0430\u0439\u043b\u0438 cookie - Lidex\" \/>\n<meta property=\"og:description\" content=\"Lidex \u27a4 \u0406\u043d\u0444\u043e\u0440\u043c\u0430\u0446\u0456\u044f \u043f\u0440\u043e \u0444\u0430\u0439\u043b\u0438 cookie \u2714\ufe0f T\u0142umaczenia \u2714\ufe0f Konferencje \u2714\ufe0f Us\u0142ugi online \u2b50 Sprawd\u017a!\" \/>\n<meta property=\"og:url\" content=\"https:\/\/lidex-staging.utb.pl\/uk\/informacziya-pro-fajly-cookie\/\" \/>\n<meta property=\"og:site_name\" content=\"Lidex \u043f\u0435\u0440\u0435\u043a\u043b\u0430\u0434\u0438 \u0442\u0430 \u043a\u043e\u043d\u0444\u0435\u0440\u0435\u043d\u0446\u0456\u0457\" \/>\n<meta property=\"article:modified_time\" content=\"2024-06-21T09:23:21+00:00\" \/>\n<meta property=\"og:image\" content=\"https:\/\/lidex-staging.utb.pl\/wp-content\/uploads\/2023\/04\/glowna-naglowek.webp\" \/>\n<meta name=\"twitter:card\" content=\"summary_large_image\" \/>\n<meta name=\"twitter:label1\" content=\"\u041f\u0440\u0438\u0431\u043b. \u0447\u0430\u0441 \u0447\u0438\u0442\u0430\u043d\u043d\u044f\" \/>\n\t<meta name=\"twitter:data1\" content=\"2 \u0445\u0432\u0438\u043b\u0438\u043d\u0438\" \/>\n<script type=\"application\/ld+json\" class=\"yoast-schema-graph\">{\"@context\":\"https:\\\/\\\/schema.org\",\"@graph\":[{\"@type\":\"WebPage\",\"@id\":\"https:\\\/\\\/lidex-staging.utb.pl\\\/uk\\\/informacziya-pro-fajly-cookie\\\/\",\"url\":\"https:\\\/\\\/lidex-staging.utb.pl\\\/uk\\\/informacziya-pro-fajly-cookie\\\/\",\"name\":\"\u0406\u043d\u0444\u043e\u0440\u043c\u0430\u0446\u0456\u044f \u043f\u0440\u043e \u0444\u0430\u0439\u043b\u0438 cookie - Lidex\",\"isPartOf\":{\"@id\":\"https:\\\/\\\/lidex-staging.utb.pl\\\/uk\\\/#website\"},\"primaryImageOfPage\":{\"@id\":\"https:\\\/\\\/lidex-staging.utb.pl\\\/uk\\\/informacziya-pro-fajly-cookie\\\/#primaryimage\"},\"image\":{\"@id\":\"https:\\\/\\\/lidex-staging.utb.pl\\\/uk\\\/informacziya-pro-fajly-cookie\\\/#primaryimage\"},\"thumbnailUrl\":\"https:\\\/\\\/lidex-staging.utb.pl\\\/wp-content\\\/uploads\\\/2023\\\/04\\\/glowna-naglowek.webp\",\"datePublished\":\"2022-07-25T18:08:07+00:00\",\"dateModified\":\"2024-06-21T09:23:21+00:00\",\"description\":\"Lidex \u27a4 \u0406\u043d\u0444\u043e\u0440\u043c\u0430\u0446\u0456\u044f \u043f\u0440\u043e \u0444\u0430\u0439\u043b\u0438 cookie \u2714\ufe0f T\u0142umaczenia \u2714\ufe0f Konferencje \u2714\ufe0f Us\u0142ugi online \u2b50 Sprawd\u017a!\",\"breadcrumb\":{\"@id\":\"https:\\\/\\\/lidex-staging.utb.pl\\\/uk\\\/informacziya-pro-fajly-cookie\\\/#breadcrumb\"},\"inLanguage\":\"uk\",\"potentialAction\":[{\"@type\":\"ReadAction\",\"target\":[\"https:\\\/\\\/lidex-staging.utb.pl\\\/uk\\\/informacziya-pro-fajly-cookie\\\/\"]}]},{\"@type\":\"ImageObject\",\"inLanguage\":\"uk\",\"@id\":\"https:\\\/\\\/lidex-staging.utb.pl\\\/uk\\\/informacziya-pro-fajly-cookie\\\/#primaryimage\",\"url\":\"https:\\\/\\\/lidex-staging.utb.pl\\\/wp-content\\\/uploads\\\/2023\\\/04\\\/glowna-naglowek.webp\",\"contentUrl\":\"https:\\\/\\\/lidex-staging.utb.pl\\\/wp-content\\\/uploads\\\/2023\\\/04\\\/glowna-naglowek.webp\"},{\"@type\":\"BreadcrumbList\",\"@id\":\"https:\\\/\\\/lidex-staging.utb.pl\\\/uk\\\/informacziya-pro-fajly-cookie\\\/#breadcrumb\",\"itemListElement\":[{\"@type\":\"ListItem\",\"position\":1,\"name\":\"\u0414\u043e\u043c\u0430\u0448\u043d\u044f \u0441\u0442\u043e\u0440\u0456\u043d\u043a\u0430\",\"item\":\"https:\\\/\\\/lidex-staging.utb.pl\\\/uk\\\/\"},{\"@type\":\"ListItem\",\"position\":2,\"name\":\"\u0406\u043d\u0444\u043e\u0440\u043c\u0430\u0446\u0456\u044f \u043f\u0440\u043e \u0444\u0430\u0439\u043b\u0438 cookie\"}]},{\"@type\":\"WebSite\",\"@id\":\"https:\\\/\\\/lidex-staging.utb.pl\\\/uk\\\/#website\",\"url\":\"https:\\\/\\\/lidex-staging.utb.pl\\\/uk\\\/\",\"name\":\"Lidex \u043f\u0435\u0440\u0435\u043a\u043b\u0430\u0434\u0438 \u0442\u0430 \u043a\u043e\u043d\u0444\u0435\u0440\u0435\u043d\u0446\u0456\u0457\",\"description\":\"Likwidujemy bariery w kontaktach mi\u0119dzyludzkich\",\"publisher\":{\"@id\":\"https:\\\/\\\/lidex-staging.utb.pl\\\/uk\\\/#organization\"},\"potentialAction\":[{\"@type\":\"SearchAction\",\"target\":{\"@type\":\"EntryPoint\",\"urlTemplate\":\"https:\\\/\\\/lidex-staging.utb.pl\\\/uk\\\/?s={search_term_string}\"},\"query-input\":{\"@type\":\"PropertyValueSpecification\",\"valueRequired\":true,\"valueName\":\"search_term_string\"}}],\"inLanguage\":\"uk\"},{\"@type\":\"Organization\",\"@id\":\"https:\\\/\\\/lidex-staging.utb.pl\\\/uk\\\/#organization\",\"name\":\"Lidex \u043f\u0435\u0440\u0435\u043a\u043b\u0430\u0434\u0438 \u0442\u0430 \u043a\u043e\u043d\u0444\u0435\u0440\u0435\u043d\u0446\u0456\u0457\",\"url\":\"https:\\\/\\\/lidex-staging.utb.pl\\\/uk\\\/\",\"logo\":{\"@type\":\"ImageObject\",\"inLanguage\":\"uk\",\"@id\":\"https:\\\/\\\/lidex-staging.utb.pl\\\/uk\\\/#\\\/schema\\\/logo\\\/image\\\/\",\"url\":\"https:\\\/\\\/lidex-staging.utb.pl\\\/wp-content\\\/uploads\\\/2023\\\/06\\\/logotyp_en.png\",\"contentUrl\":\"https:\\\/\\\/lidex-staging.utb.pl\\\/wp-content\\\/uploads\\\/2023\\\/06\\\/logotyp_en.png\",\"width\":243,\"height\":243,\"caption\":\"Lidex \u043f\u0435\u0440\u0435\u043a\u043b\u0430\u0434\u0438 \u0442\u0430 \u043a\u043e\u043d\u0444\u0435\u0440\u0435\u043d\u0446\u0456\u0457\"},\"image\":{\"@id\":\"https:\\\/\\\/lidex-staging.utb.pl\\\/uk\\\/#\\\/schema\\\/logo\\\/image\\\/\"}}]}<\/script>\n<!-- \/ Yoast SEO plugin. -->","yoast_head_json":{"title":"\u0406\u043d\u0444\u043e\u0440\u043c\u0430\u0446\u0456\u044f \u043f\u0440\u043e \u0444\u0430\u0439\u043b\u0438 cookie - Lidex","description":"Lidex \u27a4 \u0406\u043d\u0444\u043e\u0440\u043c\u0430\u0446\u0456\u044f \u043f\u0440\u043e \u0444\u0430\u0439\u043b\u0438 cookie \u2714\ufe0f T\u0142umaczenia \u2714\ufe0f Konferencje \u2714\ufe0f Us\u0142ugi online \u2b50 Sprawd\u017a!","robots":{"index":"noindex","follow":"follow","max-snippet":"max-snippet:-1","max-image-preview":"max-image-preview:large","max-video-preview":"max-video-preview:-1"},"og_locale":"uk_UA","og_type":"article","og_title":"\u0406\u043d\u0444\u043e\u0440\u043c\u0430\u0446\u0456\u044f \u043f\u0440\u043e \u0444\u0430\u0439\u043b\u0438 cookie - Lidex","og_description":"Lidex \u27a4 \u0406\u043d\u0444\u043e\u0440\u043c\u0430\u0446\u0456\u044f \u043f\u0440\u043e \u0444\u0430\u0439\u043b\u0438 cookie \u2714\ufe0f T\u0142umaczenia \u2714\ufe0f Konferencje \u2714\ufe0f Us\u0142ugi online \u2b50 Sprawd\u017a!","og_url":"https:\/\/lidex-staging.utb.pl\/uk\/informacziya-pro-fajly-cookie\/","og_site_name":"Lidex \u043f\u0435\u0440\u0435\u043a\u043b\u0430\u0434\u0438 \u0442\u0430 \u043a\u043e\u043d\u0444\u0435\u0440\u0435\u043d\u0446\u0456\u0457","article_modified_time":"2024-06-21T09:23:21+00:00","og_image":[{"url":"https:\/\/lidex-staging.utb.pl\/wp-content\/uploads\/2023\/04\/glowna-naglowek.webp","type":"","width":"","height":""}],"twitter_card":"summary_large_image","twitter_misc":{"\u041f\u0440\u0438\u0431\u043b. \u0447\u0430\u0441 \u0447\u0438\u0442\u0430\u043d\u043d\u044f":"2 \u0445\u0432\u0438\u043b\u0438\u043d\u0438"},"schema":{"@context":"https:\/\/schema.org","@graph":[{"@type":"WebPage","@id":"https:\/\/lidex-staging.utb.pl\/uk\/informacziya-pro-fajly-cookie\/","url":"https:\/\/lidex-staging.utb.pl\/uk\/informacziya-pro-fajly-cookie\/","name":"\u0406\u043d\u0444\u043e\u0440\u043c\u0430\u0446\u0456\u044f \u043f\u0440\u043e \u0444\u0430\u0439\u043b\u0438 cookie - Lidex","isPartOf":{"@id":"https:\/\/lidex-staging.utb.pl\/uk\/#website"},"primaryImageOfPage":{"@id":"https:\/\/lidex-staging.utb.pl\/uk\/informacziya-pro-fajly-cookie\/#primaryimage"},"image":{"@id":"https:\/\/lidex-staging.utb.pl\/uk\/informacziya-pro-fajly-cookie\/#primaryimage"},"thumbnailUrl":"https:\/\/lidex-staging.utb.pl\/wp-content\/uploads\/2023\/04\/glowna-naglowek.webp","datePublished":"2022-07-25T18:08:07+00:00","dateModified":"2024-06-21T09:23:21+00:00","description":"Lidex \u27a4 \u0406\u043d\u0444\u043e\u0440\u043c\u0430\u0446\u0456\u044f \u043f\u0440\u043e \u0444\u0430\u0439\u043b\u0438 cookie \u2714\ufe0f T\u0142umaczenia \u2714\ufe0f Konferencje \u2714\ufe0f Us\u0142ugi online \u2b50 Sprawd\u017a!","breadcrumb":{"@id":"https:\/\/lidex-staging.utb.pl\/uk\/informacziya-pro-fajly-cookie\/#breadcrumb"},"inLanguage":"uk","potentialAction":[{"@type":"ReadAction","target":["https:\/\/lidex-staging.utb.pl\/uk\/informacziya-pro-fajly-cookie\/"]}]},{"@type":"ImageObject","inLanguage":"uk","@id":"https:\/\/lidex-staging.utb.pl\/uk\/informacziya-pro-fajly-cookie\/#primaryimage","url":"https:\/\/lidex-staging.utb.pl\/wp-content\/uploads\/2023\/04\/glowna-naglowek.webp","contentUrl":"https:\/\/lidex-staging.utb.pl\/wp-content\/uploads\/2023\/04\/glowna-naglowek.webp"},{"@type":"BreadcrumbList","@id":"https:\/\/lidex-staging.utb.pl\/uk\/informacziya-pro-fajly-cookie\/#breadcrumb","itemListElement":[{"@type":"ListItem","position":1,"name":"\u0414\u043e\u043c\u0430\u0448\u043d\u044f \u0441\u0442\u043e\u0440\u0456\u043d\u043a\u0430","item":"https:\/\/lidex-staging.utb.pl\/uk\/"},{"@type":"ListItem","position":2,"name":"\u0406\u043d\u0444\u043e\u0440\u043c\u0430\u0446\u0456\u044f \u043f\u0440\u043e \u0444\u0430\u0439\u043b\u0438 cookie"}]},{"@type":"WebSite","@id":"https:\/\/lidex-staging.utb.pl\/uk\/#website","url":"https:\/\/lidex-staging.utb.pl\/uk\/","name":"Lidex \u043f\u0435\u0440\u0435\u043a\u043b\u0430\u0434\u0438 \u0442\u0430 \u043a\u043e\u043d\u0444\u0435\u0440\u0435\u043d\u0446\u0456\u0457","description":"Likwidujemy bariery w kontaktach mi\u0119dzyludzkich","publisher":{"@id":"https:\/\/lidex-staging.utb.pl\/uk\/#organization"},"potentialAction":[{"@type":"SearchAction","target":{"@type":"EntryPoint","urlTemplate":"https:\/\/lidex-staging.utb.pl\/uk\/?s={search_term_string}"},"query-input":{"@type":"PropertyValueSpecification","valueRequired":true,"valueName":"search_term_string"}}],"inLanguage":"uk"},{"@type":"Organization","@id":"https:\/\/lidex-staging.utb.pl\/uk\/#organization","name":"Lidex \u043f\u0435\u0440\u0435\u043a\u043b\u0430\u0434\u0438 \u0442\u0430 \u043a\u043e\u043d\u0444\u0435\u0440\u0435\u043d\u0446\u0456\u0457","url":"https:\/\/lidex-staging.utb.pl\/uk\/","logo":{"@type":"ImageObject","inLanguage":"uk","@id":"https:\/\/lidex-staging.utb.pl\/uk\/#\/schema\/logo\/image\/","url":"https:\/\/lidex-staging.utb.pl\/wp-content\/uploads\/2023\/06\/logotyp_en.png","contentUrl":"https:\/\/lidex-staging.utb.pl\/wp-content\/uploads\/2023\/06\/logotyp_en.png","width":243,"height":243,"caption":"Lidex \u043f\u0435\u0440\u0435\u043a\u043b\u0430\u0434\u0438 \u0442\u0430 \u043a\u043e\u043d\u0444\u0435\u0440\u0435\u043d\u0446\u0456\u0457"},"image":{"@id":"https:\/\/lidex-staging.utb.pl\/uk\/#\/schema\/logo\/image\/"}}]}},"_links":{"self":[{"href":"https:\/\/lidex-staging.utb.pl\/uk\/wp-json\/wp\/v2\/pages\/3633","targetHints":{"allow":["GET"]}}],"collection":[{"href":"https:\/\/lidex-staging.utb.pl\/uk\/wp-json\/wp\/v2\/pages"}],"about":[{"href":"https:\/\/lidex-staging.utb.pl\/uk\/wp-json\/wp\/v2\/types\/page"}],"author":[{"embeddable":true,"href":"https:\/\/lidex-staging.utb.pl\/uk\/wp-json\/wp\/v2\/users\/4"}],"replies":[{"embeddable":true,"href":"https:\/\/lidex-staging.utb.pl\/uk\/wp-json\/wp\/v2\/comments?post=3633"}],"version-history":[{"count":3,"href":"https:\/\/lidex-staging.utb.pl\/uk\/wp-json\/wp\/v2\/pages\/3633\/revisions"}],"predecessor-version":[{"id":9039,"href":"https:\/\/lidex-staging.utb.pl\/uk\/wp-json\/wp\/v2\/pages\/3633\/revisions\/9039"}],"wp:attachment":[{"href":"https:\/\/lidex-staging.utb.pl\/uk\/wp-json\/wp\/v2\/media?parent=3633"}],"curies":[{"name":"wp","href":"https:\/\/api.w.org\/{rel}","templated":true}]}}